{"id":25,"date":"2020-08-07T17:56:48","date_gmt":"2020-08-07T17:56:48","guid":{"rendered":"https:\/\/www.utn.edu.ec\/educacioncontinua\/?page_id=25"},"modified":"2020-08-07T17:58:45","modified_gmt":"2020-08-07T17:58:45","slug":"funciones","status":"publish","type":"page","link":"https:\/\/educacioncontinua.utn.edu.ec\/index.php\/funciones\/","title":{"rendered":"FUNCIONES"},"content":{"rendered":"\n<ul><li>Tiempo flexible (modalidad presencial o v\u00eda on-line)<\/li><\/ul>\n\n\n\n<ul><li> No otorga t\u00edtulo o grado acad\u00e9mico (se otorga certificados de participaci\u00f3n que garanticen la actualizaci\u00f3n de los conocimientos, por ende, tampoco existen cr\u00e9ditos acad\u00e9micos).<\/li><\/ul>\n\n\n\n<ul><li>Otorga certificaciones de asistencia y\/o aprobaci\u00f3n.<\/li><\/ul>\n\n\n\n<ul><li>Posee un enfoque te\u00f3rico-pr\u00e1ctico de aplicaci\u00f3n inmediata en el campo laboral.<\/li><\/ul>\n\n\n\n<ul><li>Los instructores contar\u00e1n con experiencia acad\u00e9mica y laboral.<\/li><\/ul>\n\n\n\n<ul><li>Facilita la adquisici\u00f3n de conocimientos y competencias para el desempe\u00f1o laboral.<\/li><\/ul>\n\n\n\n<ul><li> Dirigida a la comunidad interna y externa (personas con t\u00edtulo profesional y\/o experiencia laboral).<\/li><\/ul>\n\n\n\n<ul><li>Su oferta est\u00e1 basada en la ejecuci\u00f3n de: cursos, talleres, seminarios u otras actividades de car\u00e1cter acad\u00e9mico.<\/li><\/ul>\n\n\n\n<ul><li>Aborda temas de vanguardia en sus programas y contenidos.<\/li><\/ul>\n","protected":false},"excerpt":{"rendered":"<p>Tiempo flexible (modalidad presencial o v\u00eda on-line) No otorga t\u00edtulo o grado acad\u00e9mico (se otorga certificados de participaci\u00f3n que garanticen la actualizaci\u00f3n de los conocimientos, por ende, tampoco existen cr\u00e9ditos acad\u00e9micos). Otorga<a class=\"moretag\" href=\"https:\/\/educacioncontinua.utn.edu.ec\/index.php\/funciones\/\">Read More&#8230;<\/a><\/p>\n","protected":false},"author":2,"featured_media":0,"parent":0,"menu_order":0,"comment_status":"closed","ping_status":"closed","template":"","meta":[],"_links":{"self":[{"href":"https:\/\/educacioncontinua.utn.edu.ec\/index.php\/wp-json\/wp\/v2\/pages\/25"}],"collection":[{"href":"https:\/\/educacioncontinua.utn.edu.ec\/index.php\/wp-json\/wp\/v2\/pages"}],"about":[{"href":"https:\/\/educacioncontinua.utn.edu.ec\/index.php\/wp-json\/wp\/v2\/types\/page"}],"author":[{"embeddable":true,"href":"https:\/\/educacioncontinua.utn.edu.ec\/index.php\/wp-json\/wp\/v2\/users\/2"}],"replies":[{"embeddable":true,"href":"https:\/\/educacioncontinua.utn.edu.ec\/index.php\/wp-json\/wp\/v2\/comments?post=25"}],"version-history":[{"count":3,"href":"https:\/\/educacioncontinua.utn.edu.ec\/index.php\/wp-json\/wp\/v2\/pages\/25\/revisions"}],"predecessor-version":[{"id":32,"href":"https:\/\/educacioncontinua.utn.edu.ec\/index.php\/wp-json\/wp\/v2\/pages\/25\/revisions\/32"}],"wp:attachment":[{"href":"https:\/\/educacioncontinua.utn.edu.ec\/index.php\/wp-json\/wp\/v2\/media?parent=25"}],"curies":[{"name":"wp","href":"https:\/\/api.w.org\/{rel}","templated":true}]}}