{"id":2,"date":"2020-08-07T17:28:04","date_gmt":"2020-08-07T17:28:04","guid":{"rendered":"https:\/\/www.utn.edu.ec\/educacioncontinua\/?page_id=2"},"modified":"2020-08-07T17:46:20","modified_gmt":"2020-08-07T17:46:20","slug":"sample-page","status":"publish","type":"page","link":"https:\/\/educacioncontinua.utn.edu.ec\/index.php\/sample-page\/","title":{"rendered":"PRESENTACI\u00d3N"},"content":{"rendered":"\n<p><\/p>\n\n\n\n<blockquote class=\"wp-block-quote\"><p>La Unidad de Educaci\u00f3n Continua de la Universidad T\u00e9cnica del Norte, cumple un rol importante en la consecuci\u00f3n de los objetivos de la funci\u00f3n de vinculaci\u00f3n, siendo su objetivo principal entregar una respuesta pertinente, oportuna y con calidad a las necesidades acad\u00e9mico-formativas durante toda la vida profesional de las personas, mediante la participaci\u00f3n activa de los profesores\/investigadores, graduados y los sectores social y productivo de la zona norte del pa\u00eds.<\/p><p><\/p><p><\/p><\/blockquote>\n","protected":false},"excerpt":{"rendered":"<p>La Unidad de Educaci\u00f3n Continua de la Universidad T\u00e9cnica del Norte, cumple un rol importante en la consecuci\u00f3n de los objetivos de la funci\u00f3n de vinculaci\u00f3n, siendo su objetivo principal entregar una<a class=\"moretag\" href=\"https:\/\/educacioncontinua.utn.edu.ec\/index.php\/sample-page\/\">Read More&#8230;<\/a><\/p>\n","protected":false},"author":2,"featured_media":0,"parent":0,"menu_order":0,"comment_status":"closed","ping_status":"open","template":"","meta":[],"_links":{"self":[{"href":"https:\/\/educacioncontinua.utn.edu.ec\/index.php\/wp-json\/wp\/v2\/pages\/2"}],"collection":[{"href":"https:\/\/educacioncontinua.utn.edu.ec\/index.php\/wp-json\/wp\/v2\/pages"}],"about":[{"href":"https:\/\/educacioncontinua.utn.edu.ec\/index.php\/wp-json\/wp\/v2\/types\/page"}],"author":[{"embeddable":true,"href":"https:\/\/educacioncontinua.utn.edu.ec\/index.php\/wp-json\/wp\/v2\/users\/2"}],"replies":[{"embeddable":true,"href":"https:\/\/educacioncontinua.utn.edu.ec\/index.php\/wp-json\/wp\/v2\/comments?post=2"}],"version-history":[{"count":1,"href":"https:\/\/educacioncontinua.utn.edu.ec\/index.php\/wp-json\/wp\/v2\/pages\/2\/revisions"}],"predecessor-version":[{"id":15,"href":"https:\/\/educacioncontinua.utn.edu.ec\/index.php\/wp-json\/wp\/v2\/pages\/2\/revisions\/15"}],"wp:attachment":[{"href":"https:\/\/educacioncontinua.utn.edu.ec\/index.php\/wp-json\/wp\/v2\/media?parent=2"}],"curies":[{"name":"wp","href":"https:\/\/api.w.org\/{rel}","templated":true}]}}