{"id":16,"date":"2020-08-07T17:48:01","date_gmt":"2020-08-07T17:48:01","guid":{"rendered":"https:\/\/www.utn.edu.ec\/educacioncontinua\/?page_id=16"},"modified":"2020-08-07T17:49:35","modified_gmt":"2020-08-07T17:49:35","slug":"mision-y-vision","status":"publish","type":"page","link":"https:\/\/educacioncontinua.utn.edu.ec\/index.php\/mision-y-vision\/","title":{"rendered":"MISI\u00d3N Y VISI\u00d3N"},"content":{"rendered":"\n<p><strong>Misi\u00f3n<\/strong><\/p>\n\n\n\n<p>Ofertar capacitaciones certificadas de alto nivel que, aunque no generen titulaci\u00f3n, est\u00e9n enfocadas a actualizar, a mejorar habilidades, conocimientos, destrezas y competencias a trav\u00e9s de seminarios, cursos y talleres basados en metodolog\u00edas innovadoras e impulsando tecnolog\u00edas de punta, para as\u00ed responder y enfrentar las demandas y necesidades integrales del individuo comprometido a trabajar con pertinencia y eficacia en su campo laboral y profesional.<\/p>\n\n\n\n<p><strong>Visi\u00f3n<\/strong><\/p>\n\n\n\n<p>La Unidad de Educaci\u00f3n Continua otorgar\u00e1 una herramienta con modelos pedag\u00f3gicos de vanguardia, que fomenten la responsabilidad social, el potencial econ\u00f3mico y productivo del pa\u00eds, convirtiendo a la Universidad T\u00e9cnica del Norte, en un referente que aporta al desarrollo, transformaci\u00f3n y sustentabilidad en beneficio de la sociedad.<\/p>\n","protected":false},"excerpt":{"rendered":"<p>Misi\u00f3n Ofertar capacitaciones certificadas de alto nivel que, aunque no generen titulaci\u00f3n, est\u00e9n enfocadas a actualizar, a mejorar habilidades, conocimientos, destrezas y competencias a trav\u00e9s de seminarios, cursos y talleres basados en<a class=\"moretag\" href=\"https:\/\/educacioncontinua.utn.edu.ec\/index.php\/mision-y-vision\/\">Read More&#8230;<\/a><\/p>\n","protected":false},"author":2,"featured_media":0,"parent":0,"menu_order":0,"comment_status":"closed","ping_status":"closed","template":"","meta":[],"_links":{"self":[{"href":"https:\/\/educacioncontinua.utn.edu.ec\/index.php\/wp-json\/wp\/v2\/pages\/16"}],"collection":[{"href":"https:\/\/educacioncontinua.utn.edu.ec\/index.php\/wp-json\/wp\/v2\/pages"}],"about":[{"href":"https:\/\/educacioncontinua.utn.edu.ec\/index.php\/wp-json\/wp\/v2\/types\/page"}],"author":[{"embeddable":true,"href":"https:\/\/educacioncontinua.utn.edu.ec\/index.php\/wp-json\/wp\/v2\/users\/2"}],"replies":[{"embeddable":true,"href":"https:\/\/educacioncontinua.utn.edu.ec\/index.php\/wp-json\/wp\/v2\/comments?post=16"}],"version-history":[{"count":4,"href":"https:\/\/educacioncontinua.utn.edu.ec\/index.php\/wp-json\/wp\/v2\/pages\/16\/revisions"}],"predecessor-version":[{"id":21,"href":"https:\/\/educacioncontinua.utn.edu.ec\/index.php\/wp-json\/wp\/v2\/pages\/16\/revisions\/21"}],"wp:attachment":[{"href":"https:\/\/educacioncontinua.utn.edu.ec\/index.php\/wp-json\/wp\/v2\/media?parent=16"}],"curies":[{"name":"wp","href":"https:\/\/api.w.org\/{rel}","templated":true}]}}